{"id":1825,"date":"2017-07-26T09:23:49","date_gmt":"2017-07-26T09:23:49","guid":{"rendered":"http:\/\/demo2.steelthemes.com\/cargohub\/?page_id=1825"},"modified":"2023-09-23T15:56:24","modified_gmt":"2023-09-23T15:56:24","slug":"faqs","status":"publish","type":"page","link":"https:\/\/nessel.pt\/?page_id=1825","title":{"rendered":"Miss\u00e3o e Vis\u00e3o"},"content":{"rendered":"<section class=\"wpb-content-wrapper\"><p>[vc_row css=&#8221;.vc_custom_1503376024695{padding-top: 66px !important;padding-bottom: 60px !important;}&#8221;][vc_column offset=&#8221;vc_col-lg-12 vc_col-md-4&#8243; css=&#8221;.vc_custom_1687206444725{padding-bottom: 20px !important;}&#8221;]<div class=\"fh-section-title clearfix  text-left version-dark\"><h2 style=\"font-size: 36px\">Miss\u00e3o<\/h2><\/div>[vc_empty_space height=&#8221;14px&#8221;][vc_column_text]<\/p>\n<p style=\"text-align: justify; background: white; margin: 6.7pt 0cm 6.7pt 0cm;\"><span style=\"font-size: 10.5pt; font-family: 'Helvetica',sans-serif; color: black;\">Garantir aos clientes um servi\u00e7o personalizado e de acordo com as suas necessidades, apostando na efici\u00eancia, na seguran\u00e7a, na confidencialidade e na rapidez como constantes do nosso trabalho, para assegurar uma rela\u00e7\u00e3o forte e duradoura com os nossos clientes.<\/span><\/p>\n<p>[\/vc_column_text][vc_empty_space height=&#8221;20px&#8221;][vc_empty_space height=&#8221;35px&#8221;]<div class=\"fh-section-title clearfix  text-left version-dark\"><h2 style=\"font-size: 36px\">Vis\u00e3o<\/h2><\/div>[vc_column_text]<\/p>\n<p style=\"text-align: justify; background: white; margin: 6.7pt 0cm 6.7pt 0cm;\"><span style=\"font-size: 10.5pt; font-family: 'Helvetica',sans-serif; color: black;\">Ser uma empresa especializada e de refer\u00eancia no sector aduaneiro, mediante o esfor\u00e7o permanente da nossa equipa de profissionais no contacto directo com os clientes e o compromisso de disponibilizar para os nossos clientes um extraordin\u00e1rio servi\u00e7o, utilizando recursos tecnol\u00f3gicos inovadoras.<\/span><\/p>\n<p>[\/vc_column_text][vc_single_image image=&#8221;1931&#8243; img_size=&#8221;full&#8221;][\/vc_column][\/vc_row][vc_row css=&#8221;.vc_custom_1500607464181{margin-bottom: 75px !important;padding-top: 75px !important;padding-bottom: 45px !important;background-color: #0c1239 !important;}&#8221;][vc_column offset=&#8221;vc_col-lg-4 vc_col-md-6&#8243;]<div class=\"fh-feature-box \"><div class=\"desc\"><\/div><\/div>[\/vc_column][vc_column offset=&#8221;vc_col-lg-4 vc_col-md-6&#8243;]<div class=\"fh-feature-box \"><div class=\"desc\"><\/div><\/div>[\/vc_column][vc_column offset=&#8221;vc_col-lg-4 vc_col-md-6&#8243;]<div class=\"fh-feature-box \"><div class=\"desc\"><\/div><\/div>[\/vc_column][\/vc_row][vc_row css=&#8221;.vc_custom_1500606740069{padding-bottom: 50px !important;}&#8221;][vc_column]<div class=\"fh-section-title clearfix  text-center version-dark\"><h2 style=\"font-size: 36px\">Porqu\u00ea a NESSEL<\/h2><\/div>[\/vc_column][\/vc_row][vc_row css=&#8221;.vc_custom_1500606467986{padding-bottom: 25px !important;}&#8221;][vc_column offset=&#8221;vc_col-lg-4 vc_col-md-6&#8243;]<div class=\"fh-icon-box icon-type-theme_icon style-2 version-dark hide-button icon-center  \" style=\"background-image: url()\"><span class=\"fh-icon\"><i class=\"flaticon-international-delivery\"><\/i><\/span><h4 class=\"box-title\"><span >Experi\u00eancia Internacional<\/span><\/h4><div class=\"desc\"><p>Equipa competente a postos para o ajudar seja qual for o seu desafio no comercio internacional.<\/p>\n<\/div><\/div>[\/vc_column][vc_column offset=&#8221;vc_col-lg-4 vc_col-md-6&#8243;]<div class=\"fh-icon-box icon-type-theme_icon style-2 version-dark hide-button icon-center  \" style=\"background-image: url()\"><span class=\"fh-icon\"><i class=\"flaticon-people\"><\/i><\/span><h4 class=\"box-title\"><span >Suporte Aduaneiro<\/span><\/h4><div class=\"desc\"><p>Auxiliamos a sua empresa na importa\u00e7\u00e3o e exporta\u00e7\u00e3o de mercadorias.<\/p>\n<\/div><\/div>[\/vc_column][vc_column offset=&#8221;vc_col-lg-4 vc_col-md-6&#8243;]<div class=\"fh-icon-box icon-type-theme_icon style-2 version-dark hide-button icon-center  \" style=\"background-image: url()\"><span class=\"fh-icon\"><i class=\"flaticon-route\"><\/i><\/span><h4 class=\"box-title\"><span >Acompanhamento<\/span><\/h4><div class=\"desc\"><p>Deixe a burocracia da sua opera\u00e7\u00e3o aduaneira connosco para se focar no seu neg\u00f3cio.<\/p>\n<\/div><\/div>[\/vc_column][\/vc_row][vc_row css=&#8221;.vc_custom_1500606766979{margin-bottom: 45px !important;}&#8221;][vc_column offset=&#8221;vc_col-lg-2 vc_hidden-md vc_hidden-sm vc_hidden-xs&#8221;][\/vc_column][vc_column offset=&#8221;vc_col-lg-4 vc_col-md-6&#8243;]<div class=\"fh-icon-box icon-type-theme_icon style-2 version-dark hide-button icon-center  \" style=\"background-image: url()\"><span class=\"fh-icon\"><i class=\"flaticon-open-cardboard-box\"><\/i><\/span><h4 class=\"box-title\"><span >Profissionalismo<\/span><\/h4><div class=\"desc\"><p>Como a Nessel garante a melhor solu\u00e7\u00e3o nos seus processos aduaneiros com elevado profissionalismo.<\/p>\n<\/div><\/div>[\/vc_column][vc_column offset=&#8221;vc_col-lg-4 vc_col-md-6&#8243;]<div class=\"fh-icon-box icon-type-theme_icon style-2 version-dark hide-button icon-center  \" style=\"background-image: url()\"><span class=\"fh-icon\"><i class=\"flaticon-alarm-clock\"><\/i><\/span><h4 class=\"box-title\"><span >Prazos<\/span><\/h4><div class=\"desc\"><p>Garantimos o cumprimento das exig\u00eancias necess\u00e1rias dentro dos prazos a que nos comprometemos.<\/p>\n<\/div><\/div>[\/vc_column][vc_column width=&#8221;1\/6&#8243; offset=&#8221;vc_col-lg-2 vc_hidden-md vc_hidden-sm vc_hidden-xs&#8221;][\/vc_column][\/vc_row][vc_row][vc_column][vc_column_text][\/vc_column_text][\/vc_column][\/vc_row][vc_row css=&#8221;.vc_custom_1501489806730{padding-top: 75px !important;padding-bottom: 80px !important;background-color: #f7f7f7 !important;}&#8221;][vc_column]<div class=\"fh-section-title clearfix  text-left version-dark\"><h2 style=\"font-size: 30px\">Equipa<\/h2><\/div><div class=\"fh-team \">\n\t\t\t\t<div class=\"team-list\" id=\"team-slider-69e022c3312f6\"><div class=\"team-member \">\n\t\t\t\t\t\t<div class=\"team-header\"><img loading=\"lazy\" decoding=\"async\" width=\"181\" height=\"165\" src=\"https:\/\/nessel.pt\/wp-content\/uploads\/2023\/09\/RM.jpg\" class=\"attachment-full\" alt=\"\" title=\"RM\" \/><ul class=\"team-social\"><li><a href=\"https:\/\/facebook.com\/\" target=\"_blank\"><i class=\"fa fa-facebook\"><\/i><\/a><\/li><li><a href=\"https:\/\/twitter.com\/\" target=\"_blank\"><i class=\"fa fa-twitter\"><\/i><\/a><\/li><li><a href=\"https:\/\/www.skype.com\/\" target=\"_blank\"><i class=\"fa fa-skype\"><\/i><\/a><\/li><\/ul><\/div>\n\t\t\t\t\t\t<div class=\"team-info\"><h4 class=\"name\">Rosa Maria<\/h4><span class=\"job\">Consultora Aduaneira<\/span><\/div>\n\t\t\t\t\t<\/div><div class=\"team-member \">\n\t\t\t\t\t\t<div class=\"team-header\"><img loading=\"lazy\" decoding=\"async\" width=\"181\" height=\"165\" src=\"https:\/\/nessel.pt\/wp-content\/uploads\/2023\/09\/PG.jpg\" class=\"attachment-full\" alt=\"\" title=\"PG\" \/><ul class=\"team-social\"><li><a href=\"https:\/\/facebook.com\/\" target=\"_blank\"><i class=\"fa fa-facebook\"><\/i><\/a><\/li><li><a href=\"https:\/\/twitter.com\/\" target=\"_blank\"><i class=\"fa fa-twitter\"><\/i><\/a><\/li><li><a href=\"https:\/\/www.skype.com\/\" target=\"_blank\"><i class=\"fa fa-skype\"><\/i><\/a><\/li><\/ul><\/div>\n\t\t\t\t\t\t<div class=\"team-info\"><h4 class=\"name\">Pedro Gil<\/h4><span class=\"job\">Despachante Oficial<\/span><\/div>\n\t\t\t\t\t<\/div><div class=\"team-member \">\n\t\t\t\t\t\t<div class=\"team-header\"><img loading=\"lazy\" decoding=\"async\" width=\"181\" height=\"165\" src=\"https:\/\/nessel.pt\/wp-content\/uploads\/2023\/09\/JL.jpg\" class=\"attachment-full\" alt=\"\" title=\"JL\" \/><ul class=\"team-social\"><li><a href=\"https:\/\/facebook.com\/\" target=\"_blank\"><i class=\"fa fa-facebook\"><\/i><\/a><\/li><li><a href=\"https:\/\/twitter.com\/\" target=\"_blank\"><i class=\"fa fa-twitter\"><\/i><\/a><\/li><li><a href=\"https:\/\/www.skype.com\/\" target=\"_blank\"><i class=\"fa fa-skype\"><\/i><\/a><\/li><\/ul><\/div>\n\t\t\t\t\t\t<div class=\"team-info\"><h4 class=\"name\">Jorge Lima<\/h4><span class=\"job\">Gestor Aduaneiro<\/span><\/div>\n\t\t\t\t\t<\/div><div class=\"team-member \">\n\t\t\t\t\t\t<div class=\"team-header\"><img loading=\"lazy\" decoding=\"async\" width=\"181\" height=\"165\" src=\"https:\/\/nessel.pt\/wp-content\/uploads\/2023\/09\/LS.jpg\" class=\"attachment-full\" alt=\"\" title=\"LS\" \/><ul class=\"team-social\"><li><a href=\"https:\/\/facebook.com\/\" target=\"_blank\"><i class=\"fa fa-facebook\"><\/i><\/a><\/li><li><a href=\"https:\/\/twitter.com\/\" target=\"_blank\"><i class=\"fa fa-twitter\"><\/i><\/a><\/li><li><a href=\"https:\/\/www.skype.com\/\" target=\"_blank\"><i class=\"fa fa-skype\"><\/i><\/a><\/li><\/ul><\/div>\n\t\t\t\t\t\t<div class=\"team-info\"><h4 class=\"name\">Leo Soares<\/h4><span class=\"job\">T\u00e9cnico Aduaneiro<\/span><\/div>\n\t\t\t\t\t<\/div><\/div>\n\t\t\t<\/div>[vc_row_inner css=&#8221;.vc_custom_1501489886057{margin-top: -60px !important;}&#8221;][vc_column_inner width=&#8221;1\/4&#8243;][\/vc_column_inner][\/vc_row_inner][\/vc_column][\/vc_row]<\/p>\n<\/section>","protected":false},"excerpt":{"rendered":"<p>[vc_row css=&#8221;.vc_custom_1503376024695{padding-top: 66px !important;padding-bottom: 60px !important;}&#8221;][vc_column offset=&#8221;vc_col-lg-12 vc_col-md-4&#8243; css=&#8221;.vc_custom_1687206444725{padding-bottom: 20px !important;}&#8221;][vc_empty_space height=&#8221;14px&#8221;][vc_column_text] Garantir aos clientes um servi\u00e7o personalizado e de&hellip;<\/p>\n","protected":false},"author":1,"featured_media":0,"parent":0,"menu_order":0,"comment_status":"closed","ping_status":"closed","template":"template-fullwidth.php","meta":{"footnotes":""},"class_list":["post-1825","page","type-page","status-publish","hentry","no-thumb"],"_links":{"self":[{"href":"https:\/\/nessel.pt\/index.php?rest_route=\/wp\/v2\/pages\/1825","targetHints":{"allow":["GET"]}}],"collection":[{"href":"https:\/\/nessel.pt\/index.php?rest_route=\/wp\/v2\/pages"}],"about":[{"href":"https:\/\/nessel.pt\/index.php?rest_route=\/wp\/v2\/types\/page"}],"author":[{"embeddable":true,"href":"https:\/\/nessel.pt\/index.php?rest_route=\/wp\/v2\/users\/1"}],"replies":[{"embeddable":true,"href":"https:\/\/nessel.pt\/index.php?rest_route=%2Fwp%2Fv2%2Fcomments&post=1825"}],"version-history":[{"count":7,"href":"https:\/\/nessel.pt\/index.php?rest_route=\/wp\/v2\/pages\/1825\/revisions"}],"predecessor-version":[{"id":2405,"href":"https:\/\/nessel.pt\/index.php?rest_route=\/wp\/v2\/pages\/1825\/revisions\/2405"}],"wp:attachment":[{"href":"https:\/\/nessel.pt\/index.php?rest_route=%2Fwp%2Fv2%2Fmedia&parent=1825"}],"curies":[{"name":"wp","href":"https:\/\/api.w.org\/{rel}","templated":true}]}}