{"id":2409,"date":"2023-09-24T15:28:16","date_gmt":"2023-09-24T15:28:16","guid":{"rendered":"https:\/\/nessel.pt\/?page_id=2409"},"modified":"2023-09-24T16:40:15","modified_gmt":"2023-09-24T16:40:15","slug":"politica-de-cookies","status":"publish","type":"page","link":"https:\/\/nessel.pt\/?page_id=2409","title":{"rendered":"Pol\u00edtica de Cookies"},"content":{"rendered":"<section class=\"wpb-content-wrapper\"><p>[vc_row][vc_column][vc_column_text]<\/p>\n<figure class=\"wp-block-image size-full is-resized\"><img loading=\"lazy\" decoding=\"async\" class=\"wp-image-2306\" style=\"width: 135px; height: 65px;\" src=\"https:\/\/nessel.pt\/wp-content\/uploads\/2023\/05\/NESSEL5.jpg\" alt=\"\" width=\"135\" height=\"65\" \/><\/figure>\n<h3>Nessel &#8211; Agentes Aduaneiros, Lda.<\/h3>\n<p><!-- \/wp:image -->[\/vc_column_text][\/vc_column][vc_column][vc_row_inner][vc_column_inner][vc_column_text]\u00daltima atualiza\u00e7\u00e3o: 22 de Setembro de 2023<\/p>\n<p>Na Nessel &#8211; Agentes Aduaneiros, Lda. n\u00f3s, valorizamos a sua privacidade e queremos proporcionar a melhor experi\u00eancia poss\u00edvel quando visita o nosso site. Esta pol\u00edtica de cookies explica como utilizamos cookies e tecnologias semelhantes para recolher e processar informa\u00e7\u00f5es durante a sua visita ao nosso site.<\/p>\n<p><strong>O que s\u00e3o Cookies?<\/strong><\/p>\n<p>Cookies s\u00e3o pequenos ficheiros de texto que s\u00e3o armazenados no seu dispositivo (computador, smartphone, tablet, etc.) quando visita um site. Os cookies podem ser tempor\u00e1rios (cookies de sess\u00e3o) ou permanentes (cookies persistentes). Eles s\u00e3o amplamente utilizados para tornar os sites mais eficientes e proporcionar uma melhor experi\u00eancia de navega\u00e7\u00e3o.<\/p>\n<p><strong>Tipos de Cookies que Utilizamos<\/strong><\/p>\n<p>Utilizamos os seguintes tipos de cookies no nosso site:<\/p>\n<p>1. <strong>Cookies Estritamente Necess\u00e1rios:<\/strong> Estes cookies s\u00e3o essenciais para o funcionamento do nosso site. Eles permitem que navegue no site e utilize as suas funcionalidades, como o acesso a \u00e1reas seguras.<\/p>\n<p>2. <strong>Cookies de Desempenho:<\/strong>\u00a0Estes cookies recolhem informa\u00e7\u00f5es sobre como os visitantes utilizam o nosso site, como quais p\u00e1ginas s\u00e3o mais visitadas. Estas informa\u00e7\u00f5es ajudam-nos a melhorar o desempenho do site.<\/p>\n<p>3. <strong>Cookies de Funcionalidade:<\/strong>\u00a0Estes cookies permitem que o site memorize as escolhas que faz, como o idioma preferido ou a regi\u00e3o em que se encontra, para proporcionar uma experi\u00eancia mais personalizada.<\/p>\n<p>4. <strong>Cookies de Publicidade e Redes Sociais:<\/strong>\u00a0Estes cookies s\u00e3o utilizados por terceiros para apresentar an\u00fancios relevantes com base nos seus interesses, bem como para permitir que partilhe conte\u00fado nas redes sociais.<\/p>\n<p><strong>Como Gerir os Cookies<\/strong><\/p>\n<p>Pode gerir as suas prefer\u00eancias de cookies alterando as configura\u00e7\u00f5es do seu navegador. A maioria dos navegadores permite que rejeite ou aceite todos os cookies, bem como que elimine os cookies j\u00e1 armazenados no seu dispositivo. No entanto, tenha em mente que a desativa\u00e7\u00e3o de cookies estritamente necess\u00e1rios pode afetar a funcionalidade do nosso site.<\/p>\n<p><strong>Altera\u00e7\u00f5es a esta Pol\u00edtica de Cookies<\/strong><\/p>\n<p>Reservamo-nos o direito de atualizar esta pol\u00edtica de cookies conforme necess\u00e1rio. Quaisquer altera\u00e7\u00f5es ser\u00e3o publicadas nesta p\u00e1gina com a data da \u00faltima atualiza\u00e7\u00e3o.<\/p>\n<p><strong>Contacto<\/strong><\/p>\n<p>Se tiver alguma d\u00favida ou preocupa\u00e7\u00e3o sobre a nossa pol\u00edtica de cookies, entre em contato connosco atrav\u00e9s de:<\/p>\n<p>Nessel &#8211; Agentes Aduaneiros, Lda.<br \/>\nMorada:Rua Dom Marcos da Cruz, 1997 &#8211; 1.\u00ba Direito Sul &#8211; 4455-482 Perafita &#8211; Matosinhos<br \/>\nTelefone:229966678<br \/>\nEmail: geral@nessel.pt<\/p>\n<p>Esta pol\u00edtica de cookies \u00e9 eficaz a partir da data da sua \u00faltima atualiza\u00e7\u00e3o.<\/p>\n<p>Nessel &#8211; Agentes Aduaneiros, Lda.[\/vc_column_text][\/vc_column_inner][\/vc_row_inner][\/vc_column][\/vc_row]<\/p>\n<\/section>","protected":false},"excerpt":{"rendered":"<p>[vc_row][vc_column][vc_column_text] Nessel &#8211; Agentes Aduaneiros, Lda. [\/vc_column_text][\/vc_column][vc_column][vc_row_inner][vc_column_inner][vc_column_text]\u00daltima atualiza\u00e7\u00e3o: 22 de Setembro de 2023 Na Nessel &#8211; Agentes Aduaneiros, Lda. n\u00f3s,&hellip;<\/p>\n","protected":false},"author":1,"featured_media":0,"parent":0,"menu_order":0,"comment_status":"closed","ping_status":"closed","template":"","meta":{"footnotes":""},"class_list":["post-2409","page","type-page","status-publish","hentry","no-thumb"],"_links":{"self":[{"href":"https:\/\/nessel.pt\/index.php?rest_route=\/wp\/v2\/pages\/2409","targetHints":{"allow":["GET"]}}],"collection":[{"href":"https:\/\/nessel.pt\/index.php?rest_route=\/wp\/v2\/pages"}],"about":[{"href":"https:\/\/nessel.pt\/index.php?rest_route=\/wp\/v2\/types\/page"}],"author":[{"embeddable":true,"href":"https:\/\/nessel.pt\/index.php?rest_route=\/wp\/v2\/users\/1"}],"replies":[{"embeddable":true,"href":"https:\/\/nessel.pt\/index.php?rest_route=%2Fwp%2Fv2%2Fcomments&post=2409"}],"version-history":[{"count":5,"href":"https:\/\/nessel.pt\/index.php?rest_route=\/wp\/v2\/pages\/2409\/revisions"}],"predecessor-version":[{"id":2420,"href":"https:\/\/nessel.pt\/index.php?rest_route=\/wp\/v2\/pages\/2409\/revisions\/2420"}],"wp:attachment":[{"href":"https:\/\/nessel.pt\/index.php?rest_route=%2Fwp%2Fv2%2Fmedia&parent=2409"}],"curies":[{"name":"wp","href":"https:\/\/api.w.org\/{rel}","templated":true}]}}