{"id":25,"date":"2017-07-25T09:30:50","date_gmt":"2017-07-25T09:30:50","guid":{"rendered":"http:\/\/demo2.steelthemes.com\/cargohub\/?page_id=25"},"modified":"2023-06-19T20:57:04","modified_gmt":"2023-06-19T20:57:04","slug":"testimonials","status":"publish","type":"page","link":"https:\/\/nessel.pt\/?page_id=25","title":{"rendered":"Valores"},"content":{"rendered":"<section class=\"wpb-content-wrapper\"><p>[vc_row css=&#8221;.vc_custom_1500441409040{padding-top: 80px !important;padding-bottom: 30px !important;}&#8221;][vc_column][vc_column_text]<\/p>\n<p style=\"text-align: justify; background: white; margin: 6.7pt 0cm 6.7pt 0cm;\"><span style=\"font-size: 10.5pt; font-family: 'Helvetica',sans-serif; color: black;\"><strong>N<\/strong>otoriedade:\u00a0acrescentar valor no servi\u00e7o prestado de forma a ser reconhecido pelos seus clientes.<\/span><br \/>\n<span style=\"font-size: 10.5pt; font-family: 'Helvetica',sans-serif; color: black;\"><strong>E<\/strong>xcel\u00eancia:\u00a0procura dos resultados atraves da efici\u00eancia do servi\u00e7o.<\/span><br \/>\n<span style=\"font-size: 10.5pt; font-family: 'Helvetica',sans-serif; color: black;\"><strong>S<\/strong>igilo: imposto pela natureza do servi\u00e7o prestado.<\/span><br \/>\n<span style=\"font-size: 10.5pt; font-family: 'Helvetica',sans-serif; color: black;\"><strong>S<\/strong>atisfa\u00e7\u00e3o: prestar servi\u00e7os para\u00a0satisfa\u00e7\u00e3o dos interesses e das necessidades dos clientes.<\/span><br \/>\n<span style=\"font-size: 10.5pt; font-family: 'Helvetica',sans-serif; color: black;\"><strong>E<\/strong>ntusiasmo: desempenahr as tarefas\u00a0com empenho e dedica\u00e7\u00e3o, as melhores pessoas.<\/span><br \/>\n<span style=\"font-size: 10.5pt; font-family: 'Helvetica',sans-serif; color: black;\"><strong>L<\/strong>ideran\u00e7a:\u00a0unir esfor\u00e7os para optimizar os resultados<br \/>\n<\/span><\/p>\n<p>[\/vc_column_text][\/vc_column][\/vc_row]<\/p>\n<\/section>","protected":false},"excerpt":{"rendered":"<p>[vc_row css=&#8221;.vc_custom_1500441409040{padding-top: 80px !important;padding-bottom: 30px !important;}&#8221;][vc_column][vc_column_text] Notoriedade:\u00a0acrescentar valor no servi\u00e7o prestado de forma a ser reconhecido pelos seus clientes. Excel\u00eancia:\u00a0procura&hellip;<\/p>\n","protected":false},"author":1,"featured_media":0,"parent":0,"menu_order":0,"comment_status":"closed","ping_status":"closed","template":"template-fullwidth.php","meta":{"footnotes":""},"class_list":["post-25","page","type-page","status-publish","hentry","no-thumb"],"_links":{"self":[{"href":"https:\/\/nessel.pt\/index.php?rest_route=\/wp\/v2\/pages\/25","targetHints":{"allow":["GET"]}}],"collection":[{"href":"https:\/\/nessel.pt\/index.php?rest_route=\/wp\/v2\/pages"}],"about":[{"href":"https:\/\/nessel.pt\/index.php?rest_route=\/wp\/v2\/types\/page"}],"author":[{"embeddable":true,"href":"https:\/\/nessel.pt\/index.php?rest_route=\/wp\/v2\/users\/1"}],"replies":[{"embeddable":true,"href":"https:\/\/nessel.pt\/index.php?rest_route=%2Fwp%2Fv2%2Fcomments&post=25"}],"version-history":[{"count":2,"href":"https:\/\/nessel.pt\/index.php?rest_route=\/wp\/v2\/pages\/25\/revisions"}],"predecessor-version":[{"id":2340,"href":"https:\/\/nessel.pt\/index.php?rest_route=\/wp\/v2\/pages\/25\/revisions\/2340"}],"wp:attachment":[{"href":"https:\/\/nessel.pt\/index.php?rest_route=%2Fwp%2Fv2%2Fmedia&parent=25"}],"curies":[{"name":"wp","href":"https:\/\/api.w.org\/{rel}","templated":true}]}}